{"id":4400,"date":"2021-10-12T15:51:09","date_gmt":"2021-10-12T15:51:09","guid":{"rendered":"http:\/\/dummy.xtemos.com\/woodmart2\/elementor\/?page_id=4400"},"modified":"2026-04-25T18:27:10","modified_gmt":"2026-04-25T21:27:10","slug":"sobre-nos","status":"publish","type":"page","link":"https:\/\/mozaoprint.com.br\/?page_id=4400","title":{"rendered":"Sobre N\u00f3s"},"content":{"rendered":"<p><img loading=\"lazy\" width=\"552\" height=\"222\" src=\"https:\/\/mozaoprint.com.br\/wp-content\/uploads\/2026\/02\/mozao-print-2-1.png\" alt=\"\" decoding=\"async\" srcset=\"https:\/\/mozaoprint.com.br\/wp-content\/uploads\/2026\/02\/mozao-print-2-1.png 552w, https:\/\/mozaoprint.com.br\/wp-content\/uploads\/2026\/02\/mozao-print-2-1-430x173.png 430w, https:\/\/mozaoprint.com.br\/wp-content\/uploads\/2026\/02\/mozao-print-2-1-148x60.png 148w, https:\/\/mozaoprint.com.br\/wp-content\/uploads\/2026\/02\/mozao-print-2-1-400x161.png 400w\" sizes=\"auto, (max-width: 552px) 100vw, 552px\" \/>\t\t\t\t\t<\/p>\n<h4>Sobre Moz\u00e3o print<\/h4>\n<article>\n<p>A Moz\u00e3o Print nasceu para transformar amor em presente.<br \/>Somos uma loja especializada em cuecas, camisetas, canecas personalizadas para casais, feitas para eternizar momentos, homenagear quem voc\u00ea ama e criar mem\u00f3rias \u00fanicas.<\/p>\n<p>Acreditamos que cada relacionamento tem uma hist\u00f3ria especial, e nada melhor do que vestir esse sentimento com estilo, qualidade e personalidade.<\/p>\n<p>Aqui voc\u00ea encontra produtos criativos, personaliz\u00e1veis e frios com carinho, para surpreender seu Moz\u00e3o em qualquer ocasi\u00e3o.<\/p>\n<p>Moz\u00e3o Print &#8211; porque o amor merece ser estampado \u2764\ufe0f<\/p>\n<\/article>\n","protected":false},"excerpt":{"rendered":"<p>Sobre Moz\u00e3o print A Moz\u00e3o Print nasceu para transformar amor em presente.Somos uma loja especializada em cuecas, camisetas, canecas personalizadas<\/p>\n","protected":false},"author":2,"featured_media":29693,"parent":0,"menu_order":0,"comment_status":"closed","ping_status":"closed","template":"","meta":{"footnotes":""},"class_list":["post-4400","page","type-page","status-publish","has-post-thumbnail","hentry"],"yoast_head":"<!-- This site is optimized with the Yoast SEO plugin v27.2 - https:\/\/yoast.com\/product\/yoast-seo-wordpress\/ -->\n<title>Sobre N\u00f3s<\/title>\n<meta name=\"robots\" content=\"index, follow, max-snippet:-1, max-image-preview:large, max-video-preview:-1\" \/>\n<link rel=\"canonical\" href=\"https:\/\/mozaoprint.com.br\/?page_id=4400\" \/>\n<meta property=\"og:locale\" content=\"pt_BR\" \/>\n<meta property=\"og:type\" content=\"article\" \/>\n<meta property=\"og:title\" content=\"Sobre N\u00f3s\" \/>\n<meta property=\"og:description\" content=\"Sobre Moz\u00e3o print A Moz\u00e3o Print nasceu para transformar amor em presente.Somos uma loja especializada em cuecas, camisetas, canecas personalizadas\" \/>\n<meta property=\"og:url\" content=\"https:\/\/mozaoprint.com.br\/?page_id=4400\" \/>\n<meta property=\"og:site_name\" content=\"Moz\u00e3o Print - Loja Virtual\" \/>\n<meta property=\"article:modified_time\" content=\"2026-04-25T21:27:10+00:00\" \/>\n<meta property=\"og:image\" content=\"https:\/\/mozaoprint.com.br\/wp-content\/uploads\/2026\/02\/caneca-magica-personalizada-com-foto-i-love-my-girlfriend-ou-i-love-my-boyfriend.gif-2.gif\" \/>\n\t<meta property=\"og:image:width\" content=\"500\" \/>\n\t<meta property=\"og:image:height\" content=\"500\" \/>\n\t<meta property=\"og:image:type\" content=\"image\/gif\" \/>\n<meta name=\"twitter:card\" content=\"summary_large_image\" \/>\n<meta name=\"twitter:label1\" content=\"Est. tempo de leitura\" \/>\n\t<meta name=\"twitter:data1\" content=\"1 minuto\" \/>\n<script type=\"application\/ld+json\" class=\"yoast-schema-graph\">{\"@context\":\"https:\/\/schema.org\",\"@graph\":[{\"@type\":\"WebPage\",\"@id\":\"https:\/\/mozaoprint.com.br\/?page_id=4400\",\"url\":\"https:\/\/mozaoprint.com.br\/?page_id=4400\",\"name\":\"Sobre N\u00f3s\",\"isPartOf\":{\"@id\":\"https:\/\/mozaoprint.com.br\/#website\"},\"primaryImageOfPage\":{\"@id\":\"https:\/\/mozaoprint.com.br\/?page_id=4400#primaryimage\"},\"image\":{\"@id\":\"https:\/\/mozaoprint.com.br\/?page_id=4400#primaryimage\"},\"thumbnailUrl\":\"https:\/\/mozaoprint.com.br\/wp-content\/uploads\/2026\/02\/caneca-magica-personalizada-com-foto-i-love-my-girlfriend-ou-i-love-my-boyfriend.gif-2.gif\",\"datePublished\":\"2021-10-12T15:51:09+00:00\",\"dateModified\":\"2026-04-25T21:27:10+00:00\",\"breadcrumb\":{\"@id\":\"https:\/\/mozaoprint.com.br\/?page_id=4400#breadcrumb\"},\"inLanguage\":\"pt-BR\",\"potentialAction\":[{\"@type\":\"ReadAction\",\"target\":[\"https:\/\/mozaoprint.com.br\/?page_id=4400\"]}]},{\"@type\":\"ImageObject\",\"inLanguage\":\"pt-BR\",\"@id\":\"https:\/\/mozaoprint.com.br\/?page_id=4400#primaryimage\",\"url\":\"https:\/\/mozaoprint.com.br\/wp-content\/uploads\/2026\/02\/caneca-magica-personalizada-com-foto-i-love-my-girlfriend-ou-i-love-my-boyfriend.gif-2.gif\",\"contentUrl\":\"https:\/\/mozaoprint.com.br\/wp-content\/uploads\/2026\/02\/caneca-magica-personalizada-com-foto-i-love-my-girlfriend-ou-i-love-my-boyfriend.gif-2.gif\",\"width\":500,\"height\":500},{\"@type\":\"BreadcrumbList\",\"@id\":\"https:\/\/mozaoprint.com.br\/?page_id=4400#breadcrumb\",\"itemListElement\":[{\"@type\":\"ListItem\",\"position\":1,\"name\":\"In\u00edcio\",\"item\":\"https:\/\/mozaoprint.com.br\/\"},{\"@type\":\"ListItem\",\"position\":2,\"name\":\"Sobre N\u00f3s\"}]},{\"@type\":\"WebSite\",\"@id\":\"https:\/\/mozaoprint.com.br\/#website\",\"url\":\"https:\/\/mozaoprint.com.br\/\",\"name\":\"Moz\u00e3o Print - Loja Virtual\",\"description\":\"Cueca Personalizada com Foto\",\"potentialAction\":[{\"@type\":\"SearchAction\",\"target\":{\"@type\":\"EntryPoint\",\"urlTemplate\":\"https:\/\/mozaoprint.com.br\/?s={search_term_string}\"},\"query-input\":{\"@type\":\"PropertyValueSpecification\",\"valueRequired\":true,\"valueName\":\"search_term_string\"}}],\"inLanguage\":\"pt-BR\"}]}<\/script>\n<!-- \/ Yoast SEO plugin. -->","yoast_head_json":{"title":"Sobre N\u00f3s","robots":{"index":"index","follow":"follow","max-snippet":"max-snippet:-1","max-image-preview":"max-image-preview:large","max-video-preview":"max-video-preview:-1"},"canonical":"https:\/\/mozaoprint.com.br\/?page_id=4400","og_locale":"pt_BR","og_type":"article","og_title":"Sobre N\u00f3s","og_description":"Sobre Moz\u00e3o print A Moz\u00e3o Print nasceu para transformar amor em presente.Somos uma loja especializada em cuecas, camisetas, canecas personalizadas","og_url":"https:\/\/mozaoprint.com.br\/?page_id=4400","og_site_name":"Moz\u00e3o Print - Loja Virtual","article_modified_time":"2026-04-25T21:27:10+00:00","og_image":[{"width":500,"height":500,"url":"https:\/\/mozaoprint.com.br\/wp-content\/uploads\/2026\/02\/caneca-magica-personalizada-com-foto-i-love-my-girlfriend-ou-i-love-my-boyfriend.gif-2.gif","type":"image\/gif"}],"twitter_card":"summary_large_image","twitter_misc":{"Est. tempo de leitura":"1 minuto"},"schema":{"@context":"https:\/\/schema.org","@graph":[{"@type":"WebPage","@id":"https:\/\/mozaoprint.com.br\/?page_id=4400","url":"https:\/\/mozaoprint.com.br\/?page_id=4400","name":"Sobre N\u00f3s","isPartOf":{"@id":"https:\/\/mozaoprint.com.br\/#website"},"primaryImageOfPage":{"@id":"https:\/\/mozaoprint.com.br\/?page_id=4400#primaryimage"},"image":{"@id":"https:\/\/mozaoprint.com.br\/?page_id=4400#primaryimage"},"thumbnailUrl":"https:\/\/mozaoprint.com.br\/wp-content\/uploads\/2026\/02\/caneca-magica-personalizada-com-foto-i-love-my-girlfriend-ou-i-love-my-boyfriend.gif-2.gif","datePublished":"2021-10-12T15:51:09+00:00","dateModified":"2026-04-25T21:27:10+00:00","breadcrumb":{"@id":"https:\/\/mozaoprint.com.br\/?page_id=4400#breadcrumb"},"inLanguage":"pt-BR","potentialAction":[{"@type":"ReadAction","target":["https:\/\/mozaoprint.com.br\/?page_id=4400"]}]},{"@type":"ImageObject","inLanguage":"pt-BR","@id":"https:\/\/mozaoprint.com.br\/?page_id=4400#primaryimage","url":"https:\/\/mozaoprint.com.br\/wp-content\/uploads\/2026\/02\/caneca-magica-personalizada-com-foto-i-love-my-girlfriend-ou-i-love-my-boyfriend.gif-2.gif","contentUrl":"https:\/\/mozaoprint.com.br\/wp-content\/uploads\/2026\/02\/caneca-magica-personalizada-com-foto-i-love-my-girlfriend-ou-i-love-my-boyfriend.gif-2.gif","width":500,"height":500},{"@type":"BreadcrumbList","@id":"https:\/\/mozaoprint.com.br\/?page_id=4400#breadcrumb","itemListElement":[{"@type":"ListItem","position":1,"name":"In\u00edcio","item":"https:\/\/mozaoprint.com.br\/"},{"@type":"ListItem","position":2,"name":"Sobre N\u00f3s"}]},{"@type":"WebSite","@id":"https:\/\/mozaoprint.com.br\/#website","url":"https:\/\/mozaoprint.com.br\/","name":"Moz\u00e3o Print - Loja Virtual","description":"Cueca Personalizada com Foto","potentialAction":[{"@type":"SearchAction","target":{"@type":"EntryPoint","urlTemplate":"https:\/\/mozaoprint.com.br\/?s={search_term_string}"},"query-input":{"@type":"PropertyValueSpecification","valueRequired":true,"valueName":"search_term_string"}}],"inLanguage":"pt-BR"}]}},"_links":{"self":[{"href":"https:\/\/mozaoprint.com.br\/index.php?rest_route=\/wp\/v2\/pages\/4400","targetHints":{"allow":["GET"]}}],"collection":[{"href":"https:\/\/mozaoprint.com.br\/index.php?rest_route=\/wp\/v2\/pages"}],"about":[{"href":"https:\/\/mozaoprint.com.br\/index.php?rest_route=\/wp\/v2\/types\/page"}],"author":[{"embeddable":true,"href":"https:\/\/mozaoprint.com.br\/index.php?rest_route=\/wp\/v2\/users\/2"}],"replies":[{"embeddable":true,"href":"https:\/\/mozaoprint.com.br\/index.php?rest_route=%2Fwp%2Fv2%2Fcomments&post=4400"}],"version-history":[{"count":32,"href":"https:\/\/mozaoprint.com.br\/index.php?rest_route=\/wp\/v2\/pages\/4400\/revisions"}],"predecessor-version":[{"id":29960,"href":"https:\/\/mozaoprint.com.br\/index.php?rest_route=\/wp\/v2\/pages\/4400\/revisions\/29960"}],"wp:featuredmedia":[{"embeddable":true,"href":"https:\/\/mozaoprint.com.br\/index.php?rest_route=\/wp\/v2\/media\/29693"}],"wp:attachment":[{"href":"https:\/\/mozaoprint.com.br\/index.php?rest_route=%2Fwp%2Fv2%2Fmedia&parent=4400"}],"curies":[{"name":"wp","href":"https:\/\/api.w.org\/{rel}","templated":true}]}}